{"id":1667,"date":"2023-03-21T13:25:34","date_gmt":"2023-03-21T12:25:34","guid":{"rendered":"https:\/\/livingroom.fr\/index.php\/contact\/"},"modified":"2023-04-13T15:48:42","modified_gmt":"2023-04-13T13:48:42","slug":"contact","status":"publish","type":"page","link":"http:\/\/livingroom.fr\/en\/index.php\/contact\/","title":{"rendered":"Contact"},"content":{"rendered":"\t\t<div data-elementor-type=\"wp-page\" data-elementor-id=\"1667\" class=\"elementor elementor-1667 elementor-164\" data-elementor-post-type=\"page\">\n\t\t\t\t\t\t<section class=\"elementor-section elementor-top-section elementor-element elementor-element-d8853c4 elementor-section-full_width elementor-section-stretched elementor-section-height-default elementor-section-height-default\" data-id=\"d8853c4\" data-element_type=\"section\" data-settings=\"{&quot;stretch_section&quot;:&quot;section-stretched&quot;}\">\n\t\t\t\t\t\t<div class=\"elementor-container elementor-column-gap-default\">\n\t\t\t\t\t<div class=\"elementor-column elementor-col-33 elementor-top-column elementor-element elementor-element-3e7bfa8\" data-id=\"3e7bfa8\" data-element_type=\"column\">\n\t\t\t<div class=\"elementor-widget-wrap elementor-element-populated\">\n\t\t\t\t\t\t<div class=\"elementor-element elementor-element-15d196b elementor-widget__width-inherit elementor-widget elementor-widget-image\" data-id=\"15d196b\" data-element_type=\"widget\" data-widget_type=\"image.default\">\n\t\t\t\t<div class=\"elementor-widget-container\">\n\t\t\t\t\t\t\t\t\t\t\t\t\t\t\t<img fetchpriority=\"high\" decoding=\"async\" width=\"800\" height=\"928\" src=\"http:\/\/livingroom.fr\/wp-content\/uploads\/2023\/04\/CONTACT_VISU1-883x1024.jpg\" class=\"attachment-large size-large wp-image-1662\" alt=\"\" srcset=\"http:\/\/livingroom.fr\/wp-content\/uploads\/2023\/04\/CONTACT_VISU1-883x1024.jpg 883w, http:\/\/livingroom.fr\/wp-content\/uploads\/2023\/04\/CONTACT_VISU1-259x300.jpg 259w, http:\/\/livingroom.fr\/wp-content\/uploads\/2023\/04\/CONTACT_VISU1-768x891.jpg 768w, http:\/\/livingroom.fr\/wp-content\/uploads\/2023\/04\/CONTACT_VISU1-1324x1536.jpg 1324w, http:\/\/livingroom.fr\/wp-content\/uploads\/2023\/04\/CONTACT_VISU1-1766x2048.jpg 1766w\" sizes=\"(max-width: 800px) 100vw, 800px\" \/>\t\t\t\t\t\t\t\t\t\t\t\t\t\t\t<\/div>\n\t\t\t\t<\/div>\n\t\t\t\t\t<\/div>\n\t\t<\/div>\n\t\t\t\t<div class=\"elementor-column elementor-col-33 elementor-top-column elementor-element elementor-element-ec099b8\" data-id=\"ec099b8\" data-element_type=\"column\">\n\t\t\t<div class=\"elementor-widget-wrap elementor-element-populated\">\n\t\t\t\t\t\t<div class=\"elementor-element elementor-element-f8f4800 elementor-widget elementor-widget-image\" data-id=\"f8f4800\" data-element_type=\"widget\" data-widget_type=\"image.default\">\n\t\t\t\t<div class=\"elementor-widget-container\">\n\t\t\t\t\t\t\t\t\t\t\t\t\t\t\t<img decoding=\"async\" width=\"800\" height=\"928\" src=\"http:\/\/livingroom.fr\/wp-content\/uploads\/2023\/04\/CONTACT_VISU2-883x1024.jpg\" class=\"attachment-large size-large wp-image-1663\" alt=\"\" srcset=\"http:\/\/livingroom.fr\/wp-content\/uploads\/2023\/04\/CONTACT_VISU2-883x1024.jpg 883w, http:\/\/livingroom.fr\/wp-content\/uploads\/2023\/04\/CONTACT_VISU2-259x300.jpg 259w, http:\/\/livingroom.fr\/wp-content\/uploads\/2023\/04\/CONTACT_VISU2-768x891.jpg 768w, http:\/\/livingroom.fr\/wp-content\/uploads\/2023\/04\/CONTACT_VISU2-1324x1536.jpg 1324w, http:\/\/livingroom.fr\/wp-content\/uploads\/2023\/04\/CONTACT_VISU2-1766x2048.jpg 1766w\" sizes=\"(max-width: 800px) 100vw, 800px\" \/>\t\t\t\t\t\t\t\t\t\t\t\t\t\t\t<\/div>\n\t\t\t\t<\/div>\n\t\t\t\t\t<\/div>\n\t\t<\/div>\n\t\t\t\t<div class=\"elementor-column elementor-col-33 elementor-top-column elementor-element elementor-element-8561a12\" data-id=\"8561a12\" data-element_type=\"column\">\n\t\t\t<div class=\"elementor-widget-wrap elementor-element-populated\">\n\t\t\t\t\t\t<div class=\"elementor-element elementor-element-5b39d84 elementor-widget elementor-widget-image\" data-id=\"5b39d84\" data-element_type=\"widget\" data-widget_type=\"image.default\">\n\t\t\t\t<div class=\"elementor-widget-container\">\n\t\t\t\t\t\t\t\t\t\t\t\t\t\t\t<img decoding=\"async\" width=\"800\" height=\"928\" src=\"http:\/\/livingroom.fr\/wp-content\/uploads\/2023\/04\/CONTACT_VISU3-883x1024.jpg\" class=\"attachment-large size-large wp-image-1664\" alt=\"\" srcset=\"http:\/\/livingroom.fr\/wp-content\/uploads\/2023\/04\/CONTACT_VISU3-883x1024.jpg 883w, http:\/\/livingroom.fr\/wp-content\/uploads\/2023\/04\/CONTACT_VISU3-259x300.jpg 259w, http:\/\/livingroom.fr\/wp-content\/uploads\/2023\/04\/CONTACT_VISU3-768x891.jpg 768w, http:\/\/livingroom.fr\/wp-content\/uploads\/2023\/04\/CONTACT_VISU3-1324x1536.jpg 1324w, http:\/\/livingroom.fr\/wp-content\/uploads\/2023\/04\/CONTACT_VISU3-1766x2048.jpg 1766w\" sizes=\"(max-width: 800px) 100vw, 800px\" \/>\t\t\t\t\t\t\t\t\t\t\t\t\t\t\t<\/div>\n\t\t\t\t<\/div>\n\t\t\t\t\t<\/div>\n\t\t<\/div>\n\t\t\t\t\t<\/div>\n\t\t<\/section>\n\t\t\t\t<section class=\"elementor-section elementor-top-section elementor-element elementor-element-7ed43ac elementor-section-boxed elementor-section-height-default elementor-section-height-default\" data-id=\"7ed43ac\" data-element_type=\"section\">\n\t\t\t\t\t\t<div class=\"elementor-container elementor-column-gap-default\">\n\t\t\t\t\t<div class=\"elementor-column elementor-col-100 elementor-top-column elementor-element elementor-element-09e2ab3\" data-id=\"09e2ab3\" data-element_type=\"column\">\n\t\t\t<div class=\"elementor-widget-wrap elementor-element-populated\">\n\t\t\t\t\t\t<div class=\"elementor-element elementor-element-9c410ca elementor-widget elementor-widget-breadcrumbs\" data-id=\"9c410ca\" data-element_type=\"widget\" data-widget_type=\"breadcrumbs.default\">\n\t\t\t\t<div class=\"elementor-widget-container\">\n\t\t\t\t\t<p id=\"breadcrumbs\"><span><span><a href=\"http:\/\/livingroom.fr\/en\/\">Home<\/a><\/span><\/span><\/p>\t\t\t\t<\/div>\n\t\t\t\t<\/div>\n\t\t\t\t\t<\/div>\n\t\t<\/div>\n\t\t\t\t\t<\/div>\n\t\t<\/section>\n\t\t\t\t<section class=\"elementor-section elementor-top-section elementor-element elementor-element-e693c9a elementor-section-stretched elementor-section-boxed elementor-section-height-default elementor-section-height-default\" data-id=\"e693c9a\" data-element_type=\"section\" data-settings=\"{&quot;stretch_section&quot;:&quot;section-stretched&quot;}\">\n\t\t\t\t\t\t<div class=\"elementor-container elementor-column-gap-default\">\n\t\t\t\t\t<div class=\"elementor-column elementor-col-50 elementor-top-column elementor-element elementor-element-bb822ca\" data-id=\"bb822ca\" data-element_type=\"column\" data-settings=\"{&quot;background_background&quot;:&quot;classic&quot;}\">\n\t\t\t<div class=\"elementor-widget-wrap elementor-element-populated\">\n\t\t\t\t\t\t<div class=\"elementor-element elementor-element-083bca1 elementor-widget elementor-widget-heading\" data-id=\"083bca1\" data-element_type=\"widget\" data-widget_type=\"heading.default\">\n\t\t\t\t<div class=\"elementor-widget-container\">\n\t\t\t\t\t<h3 class=\"elementor-heading-title elementor-size-default\">Contact us<\/h3>\t\t\t\t<\/div>\n\t\t\t\t<\/div>\n\t\t\t\t<div class=\"elementor-element elementor-element-d25e62d elementor-widget elementor-widget-text-editor\" data-id=\"d25e62d\" data-element_type=\"widget\" data-widget_type=\"text-editor.default\">\n\t\t\t\t<div class=\"elementor-widget-container\">\n\t\t\t\t\t\t\t\t\t<p>A project? Any questions? A need? Any ideas? The agency is available for you. Fill out our form and we will contact you as soon as possible.<\/p>\n\t\t\t\t\t\t\t\t<\/div>\n\t\t\t\t<\/div>\n\t\t\t\t<div class=\"elementor-element elementor-element-91ff094 uael-cf7-input-size-md uael-cf7-style-box uael-cf7-button-left uael-cf7-btn-size-sm uael-cf7-highlight-style-default elementor-widget elementor-widget-uael-cf7-styler\" data-id=\"91ff094\" data-element_type=\"widget\" data-widget_type=\"uael-cf7-styler.default\">\n\t\t\t\t<div class=\"elementor-widget-container\">\n\t\t\t\t\t\t\t\t\t<div class = \"uael-cf7-container\">\r\n\t\t\t\t\t\t<div class = \"uael-cf7 uael-cf7-style elementor-clickable\">\r\n\t\t\t\t\t\t\n<div class=\"wpcf7 no-js\" id=\"wpcf7-f365-o1\" lang=\"fr-FR\" dir=\"ltr\" data-wpcf7-id=\"365\">\n<div class=\"screen-reader-response\"><p role=\"status\" aria-live=\"polite\" aria-atomic=\"true\"><\/p> <ul><\/ul><\/div>\n<form action=\"\/en\/index.php\/wp-json\/wp\/v2\/pages\/1667#wpcf7-f365-o1\" method=\"post\" class=\"wpcf7-form init\" aria-label=\"Formulaire de contact\" novalidate=\"novalidate\" data-status=\"init\">\n<div style=\"display: none;\">\n<input type=\"hidden\" name=\"_wpcf7\" value=\"365\" \/>\n<input type=\"hidden\" name=\"_wpcf7_version\" value=\"6.0.4\" \/>\n<input type=\"hidden\" name=\"_wpcf7_locale\" value=\"fr_FR\" \/>\n<input type=\"hidden\" name=\"_wpcf7_unit_tag\" value=\"wpcf7-f365-o1\" \/>\n<input type=\"hidden\" name=\"_wpcf7_container_post\" value=\"0\" \/>\n<input type=\"hidden\" name=\"_wpcf7_posted_data_hash\" value=\"\" \/>\n<\/div>\n<p><label> Votre nom et pr\u00e9nom<br \/>\n<span class=\"wpcf7-form-control-wrap\" data-name=\"your-name\"><input size=\"40\" maxlength=\"400\" class=\"wpcf7-form-control wpcf7-text wpcf7-validates-as-required\" autocomplete=\"name\" aria-required=\"true\" aria-invalid=\"false\" value=\"\" type=\"text\" name=\"your-name\" \/><\/span> <\/label>\n<\/p>\n<p><label> Votre e-mail<br \/>\n<span class=\"wpcf7-form-control-wrap\" data-name=\"your-email\"><input size=\"40\" maxlength=\"400\" class=\"wpcf7-form-control wpcf7-email wpcf7-validates-as-required wpcf7-text wpcf7-validates-as-email\" autocomplete=\"email\" aria-required=\"true\" aria-invalid=\"false\" value=\"\" type=\"email\" name=\"your-email\" \/><\/span> <\/label>\n<\/p>\n<p><label> Votre num\u00e9ro de t\u00e9l\u00e9phone<br \/>\n<span class=\"wpcf7-form-control-wrap\" data-name=\"tel-682\"><input size=\"40\" maxlength=\"400\" class=\"wpcf7-form-control wpcf7-tel wpcf7-validates-as-required wpcf7-text wpcf7-validates-as-tel\" aria-required=\"true\" aria-invalid=\"false\" value=\"\" type=\"tel\" name=\"tel-682\" \/><\/span><\/label>\n<\/p>\n<p><label> Objet<br \/>\n<span class=\"wpcf7-form-control-wrap\" data-name=\"your-subject\"><input size=\"40\" maxlength=\"400\" class=\"wpcf7-form-control wpcf7-text wpcf7-validates-as-required\" aria-required=\"true\" aria-invalid=\"false\" value=\"\" type=\"text\" name=\"your-subject\" \/><\/span> <\/label>\n<\/p>\n<p><label> Votre message<br \/>\n<span class=\"wpcf7-form-control-wrap\" data-name=\"your-message\"><textarea cols=\"40\" rows=\"10\" maxlength=\"2000\" class=\"wpcf7-form-control wpcf7-textarea wpcf7-validates-as-required\" aria-required=\"true\" aria-invalid=\"false\" name=\"your-message\"><\/textarea><\/span> <\/label>\n<\/p>\n<p><input class=\"wpcf7-form-control wpcf7-submit has-spinner\" type=\"submit\" value=\"Envoyer\" \/>\n<\/p><div class=\"wpcf7-response-output\" aria-hidden=\"true\"><\/div>\n<\/form>\n<\/div>\n\t\t\t\t\t<\/div>\r\n\t\t\t\t<\/div>\r\n\t\t\t\t\t\t\t\t<\/div>\n\t\t\t\t<\/div>\n\t\t\t\t\t<\/div>\n\t\t<\/div>\n\t\t\t\t<div class=\"elementor-column elementor-col-50 elementor-top-column elementor-element elementor-element-bc0b555\" data-id=\"bc0b555\" data-element_type=\"column\" data-settings=\"{&quot;background_background&quot;:&quot;classic&quot;}\">\n\t\t\t<div class=\"elementor-widget-wrap elementor-element-populated\">\n\t\t\t\t\t\t<div class=\"elementor-element elementor-element-0bb3fca elementor-widget elementor-widget-heading\" data-id=\"0bb3fca\" data-element_type=\"widget\" data-widget_type=\"heading.default\">\n\t\t\t\t<div class=\"elementor-widget-container\">\n\t\t\t\t\t<h3 class=\"elementor-heading-title elementor-size-default\">Our offices<\/h3>\t\t\t\t<\/div>\n\t\t\t\t<\/div>\n\t\t\t\t<div class=\"elementor-element elementor-element-a31f5c7 elementor-widget elementor-widget-google_maps\" data-id=\"a31f5c7\" data-element_type=\"widget\" data-widget_type=\"google_maps.default\">\n\t\t\t\t<div class=\"elementor-widget-container\">\n\t\t\t\t\t\t\t<div class=\"elementor-custom-embed\">\n\t\t\t<iframe loading=\"lazy\"\n\t\t\t\t\tsrc=\"https:\/\/maps.google.com\/maps?q=66%20Rue%20Jean-Jacques%20Rousseau%2C%2075001%20Paris&#038;t=m&#038;z=10&#038;output=embed&#038;iwloc=near\"\n\t\t\t\t\ttitle=\"66 Rue Jean-Jacques Rousseau, 75001 Paris\"\n\t\t\t\t\taria-label=\"66 Rue Jean-Jacques Rousseau, 75001 Paris\"\n\t\t\t><\/iframe>\n\t\t<\/div>\n\t\t\t\t\t\t<\/div>\n\t\t\t\t<\/div>\n\t\t\t\t\t<\/div>\n\t\t<\/div>\n\t\t\t\t\t<\/div>\n\t\t<\/section>\n\t\t\t\t<\/div>\n\t\t","protected":false},"excerpt":{"rendered":"<p>Contact us A project? Any questions? A need? Any ideas? The agency is available for you. Fill out our form and we will contact you as soon as possible. Votre nom et pr\u00e9nom Votre e-mail Votre num\u00e9ro de t\u00e9l\u00e9phone Objet Votre message Our offices<\/p>\n","protected":false},"author":1,"featured_media":0,"parent":0,"menu_order":0,"comment_status":"closed","ping_status":"closed","template":"","meta":{"footnotes":""},"class_list":["post-1667","page","type-page","status-publish","hentry"],"yoast_head":"<!-- This site is optimized with the Yoast SEO plugin v24.5 - https:\/\/yoast.com\/wordpress\/plugins\/seo\/ -->\n<title>Contact - Living Room RP<\/title>\n<meta name=\"description\" content=\"A project? Any questions? A need? Any ideas? The agency is available for you. Fill out our form and we will contact you as soon as possible.\" \/>\n<meta name=\"robots\" content=\"index, follow, max-snippet:-1, max-image-preview:large, max-video-preview:-1\" \/>\n<link rel=\"canonical\" href=\"http:\/\/livingroom.fr\/en\/index.php\/contact\/\" \/>\n<meta property=\"og:locale\" content=\"en_US\" \/>\n<meta property=\"og:type\" content=\"article\" \/>\n<meta property=\"og:title\" content=\"Contact - Living Room RP\" \/>\n<meta property=\"og:description\" content=\"A project? Any questions? A need? Any ideas? The agency is available for you. Fill out our form and we will contact you as soon as possible.\" \/>\n<meta property=\"og:url\" content=\"http:\/\/livingroom.fr\/en\/index.php\/contact\/\" \/>\n<meta property=\"og:site_name\" content=\"Living Room RP\" \/>\n<meta property=\"article:modified_time\" content=\"2023-04-13T13:48:42+00:00\" \/>\n<meta property=\"og:image\" content=\"https:\/\/livingroom.fr\/wp-content\/uploads\/2023\/04\/CONTACT_VISU1-883x1024.jpg\" \/>\n<meta name=\"twitter:card\" content=\"summary_large_image\" \/>\n<script type=\"application\/ld+json\" class=\"yoast-schema-graph\">{\"@context\":\"https:\/\/schema.org\",\"@graph\":[{\"@type\":\"WebPage\",\"@id\":\"http:\/\/livingroom.fr\/en\/index.php\/contact\/\",\"url\":\"http:\/\/livingroom.fr\/en\/index.php\/contact\/\",\"name\":\"Contact - Living Room RP\",\"isPartOf\":{\"@id\":\"http:\/\/livingroom.fr\/en\/#website\"},\"primaryImageOfPage\":{\"@id\":\"http:\/\/livingroom.fr\/en\/index.php\/contact\/#primaryimage\"},\"image\":{\"@id\":\"http:\/\/livingroom.fr\/en\/index.php\/contact\/#primaryimage\"},\"thumbnailUrl\":\"https:\/\/livingroom.fr\/wp-content\/uploads\/2023\/04\/CONTACT_VISU1-883x1024.jpg\",\"datePublished\":\"2023-03-21T12:25:34+00:00\",\"dateModified\":\"2023-04-13T13:48:42+00:00\",\"description\":\"A project? Any questions? A need? Any ideas? The agency is available for you. Fill out our form and we will contact you as soon as possible.\",\"breadcrumb\":{\"@id\":\"http:\/\/livingroom.fr\/en\/index.php\/contact\/#breadcrumb\"},\"inLanguage\":\"en-US\",\"potentialAction\":[{\"@type\":\"ReadAction\",\"target\":[\"http:\/\/livingroom.fr\/en\/index.php\/contact\/\"]}]},{\"@type\":\"ImageObject\",\"inLanguage\":\"en-US\",\"@id\":\"http:\/\/livingroom.fr\/en\/index.php\/contact\/#primaryimage\",\"url\":\"https:\/\/livingroom.fr\/wp-content\/uploads\/2023\/04\/CONTACT_VISU1-883x1024.jpg\",\"contentUrl\":\"https:\/\/livingroom.fr\/wp-content\/uploads\/2023\/04\/CONTACT_VISU1-883x1024.jpg\"},{\"@type\":\"BreadcrumbList\",\"@id\":\"http:\/\/livingroom.fr\/en\/index.php\/contact\/#breadcrumb\",\"itemListElement\":[{\"@type\":\"ListItem\",\"position\":1,\"name\":\"Home\",\"item\":\"http:\/\/livingroom.fr\/en\/\"},{\"@type\":\"ListItem\",\"position\":2,\"name\":\"Contact\"}]},{\"@type\":\"WebSite\",\"@id\":\"http:\/\/livingroom.fr\/en\/#website\",\"url\":\"http:\/\/livingroom.fr\/en\/\",\"name\":\"Living Room RP\",\"description\":\"\",\"publisher\":{\"@id\":\"http:\/\/livingroom.fr\/en\/#organization\"},\"potentialAction\":[{\"@type\":\"SearchAction\",\"target\":{\"@type\":\"EntryPoint\",\"urlTemplate\":\"http:\/\/livingroom.fr\/en\/?s={search_term_string}\"},\"query-input\":{\"@type\":\"PropertyValueSpecification\",\"valueRequired\":true,\"valueName\":\"search_term_string\"}}],\"inLanguage\":\"en-US\"},{\"@type\":\"Organization\",\"@id\":\"http:\/\/livingroom.fr\/en\/#organization\",\"name\":\"Living Room RP\",\"url\":\"http:\/\/livingroom.fr\/en\/\",\"logo\":{\"@type\":\"ImageObject\",\"inLanguage\":\"en-US\",\"@id\":\"http:\/\/livingroom.fr\/en\/#\/schema\/logo\/image\/\",\"url\":\"http:\/\/livingroom.fr\/wp-content\/uploads\/2023\/03\/LIVING-ROOM_logo.png\",\"contentUrl\":\"http:\/\/livingroom.fr\/wp-content\/uploads\/2023\/03\/LIVING-ROOM_logo.png\",\"width\":1169,\"height\":503,\"caption\":\"Living Room RP\"},\"image\":{\"@id\":\"http:\/\/livingroom.fr\/en\/#\/schema\/logo\/image\/\"}}]}<\/script>\n<!-- \/ Yoast SEO plugin. -->","yoast_head_json":{"title":"Contact - Living Room RP","description":"A project? Any questions? A need? Any ideas? The agency is available for you. Fill out our form and we will contact you as soon as possible.","robots":{"index":"index","follow":"follow","max-snippet":"max-snippet:-1","max-image-preview":"max-image-preview:large","max-video-preview":"max-video-preview:-1"},"canonical":"http:\/\/livingroom.fr\/en\/index.php\/contact\/","og_locale":"en_US","og_type":"article","og_title":"Contact - Living Room RP","og_description":"A project? Any questions? A need? Any ideas? The agency is available for you. Fill out our form and we will contact you as soon as possible.","og_url":"http:\/\/livingroom.fr\/en\/index.php\/contact\/","og_site_name":"Living Room RP","article_modified_time":"2023-04-13T13:48:42+00:00","og_image":[{"url":"https:\/\/livingroom.fr\/wp-content\/uploads\/2023\/04\/CONTACT_VISU1-883x1024.jpg","type":"","width":"","height":""}],"twitter_card":"summary_large_image","schema":{"@context":"https:\/\/schema.org","@graph":[{"@type":"WebPage","@id":"http:\/\/livingroom.fr\/en\/index.php\/contact\/","url":"http:\/\/livingroom.fr\/en\/index.php\/contact\/","name":"Contact - Living Room RP","isPartOf":{"@id":"http:\/\/livingroom.fr\/en\/#website"},"primaryImageOfPage":{"@id":"http:\/\/livingroom.fr\/en\/index.php\/contact\/#primaryimage"},"image":{"@id":"http:\/\/livingroom.fr\/en\/index.php\/contact\/#primaryimage"},"thumbnailUrl":"https:\/\/livingroom.fr\/wp-content\/uploads\/2023\/04\/CONTACT_VISU1-883x1024.jpg","datePublished":"2023-03-21T12:25:34+00:00","dateModified":"2023-04-13T13:48:42+00:00","description":"A project? Any questions? A need? Any ideas? The agency is available for you. Fill out our form and we will contact you as soon as possible.","breadcrumb":{"@id":"http:\/\/livingroom.fr\/en\/index.php\/contact\/#breadcrumb"},"inLanguage":"en-US","potentialAction":[{"@type":"ReadAction","target":["http:\/\/livingroom.fr\/en\/index.php\/contact\/"]}]},{"@type":"ImageObject","inLanguage":"en-US","@id":"http:\/\/livingroom.fr\/en\/index.php\/contact\/#primaryimage","url":"https:\/\/livingroom.fr\/wp-content\/uploads\/2023\/04\/CONTACT_VISU1-883x1024.jpg","contentUrl":"https:\/\/livingroom.fr\/wp-content\/uploads\/2023\/04\/CONTACT_VISU1-883x1024.jpg"},{"@type":"BreadcrumbList","@id":"http:\/\/livingroom.fr\/en\/index.php\/contact\/#breadcrumb","itemListElement":[{"@type":"ListItem","position":1,"name":"Home","item":"http:\/\/livingroom.fr\/en\/"},{"@type":"ListItem","position":2,"name":"Contact"}]},{"@type":"WebSite","@id":"http:\/\/livingroom.fr\/en\/#website","url":"http:\/\/livingroom.fr\/en\/","name":"Living Room RP","description":"","publisher":{"@id":"http:\/\/livingroom.fr\/en\/#organization"},"potentialAction":[{"@type":"SearchAction","target":{"@type":"EntryPoint","urlTemplate":"http:\/\/livingroom.fr\/en\/?s={search_term_string}"},"query-input":{"@type":"PropertyValueSpecification","valueRequired":true,"valueName":"search_term_string"}}],"inLanguage":"en-US"},{"@type":"Organization","@id":"http:\/\/livingroom.fr\/en\/#organization","name":"Living Room RP","url":"http:\/\/livingroom.fr\/en\/","logo":{"@type":"ImageObject","inLanguage":"en-US","@id":"http:\/\/livingroom.fr\/en\/#\/schema\/logo\/image\/","url":"http:\/\/livingroom.fr\/wp-content\/uploads\/2023\/03\/LIVING-ROOM_logo.png","contentUrl":"http:\/\/livingroom.fr\/wp-content\/uploads\/2023\/03\/LIVING-ROOM_logo.png","width":1169,"height":503,"caption":"Living Room RP"},"image":{"@id":"http:\/\/livingroom.fr\/en\/#\/schema\/logo\/image\/"}}]}},"_links":{"self":[{"href":"http:\/\/livingroom.fr\/en\/index.php\/wp-json\/wp\/v2\/pages\/1667","targetHints":{"allow":["GET"]}}],"collection":[{"href":"http:\/\/livingroom.fr\/en\/index.php\/wp-json\/wp\/v2\/pages"}],"about":[{"href":"http:\/\/livingroom.fr\/en\/index.php\/wp-json\/wp\/v2\/types\/page"}],"author":[{"embeddable":true,"href":"http:\/\/livingroom.fr\/en\/index.php\/wp-json\/wp\/v2\/users\/1"}],"replies":[{"embeddable":true,"href":"http:\/\/livingroom.fr\/en\/index.php\/wp-json\/wp\/v2\/comments?post=1667"}],"version-history":[{"count":1,"href":"http:\/\/livingroom.fr\/en\/index.php\/wp-json\/wp\/v2\/pages\/1667\/revisions"}],"predecessor-version":[{"id":1671,"href":"http:\/\/livingroom.fr\/en\/index.php\/wp-json\/wp\/v2\/pages\/1667\/revisions\/1671"}],"wp:attachment":[{"href":"http:\/\/livingroom.fr\/en\/index.php\/wp-json\/wp\/v2\/media?parent=1667"}],"curies":[{"name":"wp","href":"https:\/\/api.w.org\/{rel}","templated":true}]}}